{"id":761,"date":"2020-11-23T12:27:30","date_gmt":"2020-11-23T11:27:30","guid":{"rendered":"https:\/\/www.sta-stampi.com\/cookie-policy\/"},"modified":"2021-01-12T12:55:44","modified_gmt":"2021-01-12T11:55:44","slug":"cookie-policy","status":"publish","type":"page","link":"https:\/\/www.sta-stampi.com\/de\/cookie-policy\/","title":{"rendered":"Cookie Policy"},"content":{"rendered":"\r\n<h1>Cookie Policy<\/h1>\r\n<p><span style=\"font-weight: 400;\">Informationen gem\u00e4\u00df Artikel 13 des Gesetzesdekrets Nr. 196\/2003 und gem\u00e4\u00df Artikel 13 und 14 der europ\u00e4ischen Verordnung 679\/2016 (im Folgenden auch &#8222;GDPR&#8220;).<\/span><\/p>\r\n<p><strong>Was sind Cookies?<\/strong><\/p>\r\n<p>Ein Cookie ist eine kleine Textdatei (einige Bytes), die zwischen einer Website und Ihrem Browser ausgetauscht wird und vom Betreiber der Website verwendet wird, um Informationen zu speichern, die f\u00fcr das ordnungsgem\u00e4\u00dfe Funktionieren der Website erforderlich sind (sog. Navigations-Cookies), um Sie bei jedem Zugriff auf die Website wiederzuerkennen (sog. Funktions-Cookies), um Ihr Profil zu erstellen, um Ihnen Werbung entsprechend den von Ihnen ge\u00e4u\u00dferten Pr\u00e4ferenzen zuzusenden (sog. Profilierungs-Cookies). Die Cookies k\u00f6nnen direkt vom Eigent\u00fcmer der Seite verwaltet werden (sogenannte First-Party-Cookies) oder von Dritten au\u00dferhalb der Seite (sogenannte Third-Party-Cookies).<\/p>\r\n<p><strong>Arten und Zwecke von Cookies<\/strong><\/p>\r\n<p><strong>Technische Cookies<\/strong><\/p>\r\n<ul>\r\n<li><strong>Browsing-Cookies<\/strong>: Diese Cookies erm\u00f6glichen das korrekte Funktionieren der Website, um die angeforderten Dienste bereitzustellen und Ihr Browsing-Erlebnis zu verwalten.<\/li>\r\n<li><strong>Funktionale Cookies<\/strong>: Diese Cookies erm\u00f6glichen es der Website, Sie jedes Mal zu erkennen, wenn Sie sich einloggen.<\/li>\r\n<li><strong>Cookie Analytics<\/strong>: Diese Cookies werden f\u00fcr die statistische Analyse Ihres Surfverhaltens verwendet. Es handelt sich um ein anonymes Cookie, der keine pers\u00f6nlichen Informationen \u00fcber Sie sammelt. F\u00fcr die Installation dieser Cookies ist Ihre vorherige Zustimmung nicht erforderlich.<\/li>\r\n<\/ul>\r\n<p><strong>Drittanbieter-Cookies<\/strong><\/p>\r\n<p>Social Plug-in-Cookies: Diese Cookies erm\u00f6glichen es Ihnen, Inhalte mit einer Vielzahl von Social-Networking-Plattformen zu teilen.<br \/>F\u00fcr die Installation solcher Cookies ist ein angemessener Hinweis und Ihre vorherige Zustimmung erforderlich.<\/p>\r\n<p><strong>Wie man die Zustimmung erteilt<\/strong><\/p>\r\n<p>Ihre Zustimmung wird zun\u00e4chst durch Anklicken des Elements &#8222;Zur Website gehen&#8220; in der Kurzinformation, die auf der Homepage erscheint, eingeholt, und Sie k\u00f6nnen sie jederzeit widerrufen, indem Sie die im entsprechenden Absatz beschriebenen Verfahren befolgen.<\/p>\r\n<p><strong>Art der Daten\u00fcbermittlung und Folgen einer m\u00f6glichen Verweigerung<\/strong><\/p>\r\n<p>Die Installation von technischen Cookies unterliegt nicht Ihrer vorherigen Zustimmung, da sie f\u00fcr die \u00dcbertragung der Kommunikation \u00fcber ein elektronisches Kommunikationsnetz unbedingt erforderlich sind. Die Installation von Cookies von Drittanbietern erfordert Ihre vorherige Zustimmung, wie im entsprechenden Absatz beschrieben. Ihre Weigerung hindert Sie nicht daran, die Website zu besuchen.<\/p>\r\n<p><strong>Details zu den Cookies auf dieser Website<\/strong><\/p>\r\n<table>\r\n<tbody>\r\n<tr>\r\n<td>Funktionscookies<\/td>\r\n<td>interne Plattform &#8211; (cc_cookie Session Accept)<\/td>\r\n<td>Dieses Cookie teilt der Website mit, ob das Popup-Fenster mit der Bitte um Zustimmung zu Cookies angezeigt werden soll. Wenn der Benutzer akzeptiert, speichert ein Cookie die Aktion und zeigt das Pop-up nicht mehr an.<\/td>\r\n<\/tr>\r\n<tr>\r\n<td>Analytische Cookies f\u00fcr Statistiken &#8211; technische Cookies<\/td>\r\n<td>Google Analytics (utma, utmc, utmb, utmz)<\/td>\r\n<td>Kostenloses Tool zur Erstellung von statistischen Analysen \u00fcber das Surfverhalten der Benutzer (z. B. Sitzungsdauer, Anzahl der angesehenen Seiten, verwendeter Browser, Betriebssystem, Geschlecht, Alter, Geschlecht, geografischer Bereich der Verbindung usw.). Dies ist ein anonymes Cookie und sammelt keine pers\u00f6nlichen Informationen \u00fcber Benutzer. Es handelt sich um ein notwendiges und immer aktives Cookie f\u00fcr die Website. F\u00fcr weitere Informationen: https:\/\/policies.google.com\/technologies\/partner-sites?gl=it Der Nutzer kann die Wirkung von Google Analytics selektiv deaktivieren, indem er die von Google bereitgestellte Opt-Out-Komponente in seinem Browser installiert. Um die Aktion von Google Analytics zu deaktivieren, klicken Sie bitte auf den folgenden Link: https:\/\/tools.google.com\/dlpage\/gaoptout<\/td>\r\n<\/tr>\r\n<tr>\r\n<td>Cookies Social Plugin<\/td>\r\n<td>Social media plugin (atuvc) Facebook<\/td>\r\n<td>Dies sind Cookies, die es Besuchern erm\u00f6glichen, Inhalte mit einer Vielzahl von Social-Networking-Plattformen zu teilen (speichert z. B. die Anzahl der Likes). Facebook-Informationen: https:\/\/www.facebook.com\/policies\/cookies\/ Facebook (Konfiguration) &gt;&gt; Melden Sie sich bei Ihrem Konto an &gt;&gt; Abschnitt Datenschutz.<\/td>\r\n<\/tr>\r\n<tr>\r\n<td>Cookies Social Plugin<\/td>\r\n<td>Social media plugin (atuvc) Twitter<\/td>\r\n<td>\r\n<p>Dies sind Cookies, die es Besuchern erm\u00f6glichen, Inhalte mit einer Vielzahl von Social-Networking-Plattformen zu teilen (speichert z. B. die Anzahl der Likes). Twitter-Informationen:<\/p>\r\n<p>https:\/\/help.twitter.com\/it\/rules-and-policies\/twitter-cookies <br \/>Twitter (Konfiguration): https:\/\/help.twitter.com\/it\/rules-and-policies\/twitter-cookies<\/p>\r\n<\/td>\r\n<\/tr>\r\n<tr>\r\n<td>Cookies Social Plugin<\/td>\r\n<td>Social media plugin (atuvc) Google+<\/td>\r\n<td>\r\n<p>Dies sind Cookies, die es Besuchern erm\u00f6glichen, Inhalte mit einer Vielzahl von Social-Networking-Plattformen zu teilen (speichert z. B. die Anzahl der Likes).<\/p>\r\n<p>Google+-informationen: https:\/\/policies.google.com\/technologies\/cookies?hl=it&amp;gl=it Google+ <br \/>(Konfiguration): https:\/\/policies.google.com\/technologies\/cookies?hl=it&amp;gl=it<\/p>\r\n<\/td>\r\n<\/tr>\r\n<tr>\r\n<td><br \/><br \/>Remarketing\/Retargeting-Cookies<\/td>\r\n<td>\u00a0<\/td>\r\n<td>Dies sind Cookies, die Google f\u00fcr Adwords-Kampagnen installiert. So deaktivieren Sie Cookies<\/td>\r\n<\/tr>\r\n<\/tbody>\r\n<\/table>\r\n<p><strong>So deaktivieren Sie Cookies in den g\u00e4ngigen Browsern<\/strong><\/p>\r\n<p>Die vollst\u00e4ndige oder teilweise Deaktivierung von technischen Cookies kann die Nutzung der Funktionalit\u00e4ten der Website beeintr\u00e4chtigen.<br \/>Die Deaktivierung von Drittanbieter-Cookies beeintr\u00e4chtigt in keiner Weise die Navigierbarkeit der Website.<br \/>Um sie zu deaktivieren, k\u00f6nnen Sie zus\u00e4tzlich zu den oben genannten Links auf Ihren Browser zugreifen, um die verschiedenen Arten von Cookies zu akzeptieren oder nicht zu akzeptieren und zu deren Entfernung \u00fcberzugehen.<br \/>Im Folgenden finden Sie die Links zu den wichtigsten Browsern, die Ihnen diese Auswahl erm\u00f6glichen:<\/p>\r\n<ul>\r\n<li>Chrome: https:\/\/support.google.com\/chrome\/answer\/95647?hl=it <\/li>\r\n<li>Mozilla: https:\/\/support.mozilla.org\/it\/kb\/Gestione%20dei%20cookie <\/li>\r\n<li>Opera: https:\/\/help.opera.com\/en\/latest\/web-preferences\/#cookies <\/li>\r\n<li>Safari: https:\/\/support.apple.com\/it-it\/HT201265<\/li>\r\n<\/ul>\r\n<p><strong>Zweck der Datenverarbeitung<\/strong><\/p>\r\n<ul>\r\n<li>Durchf\u00fchrung von Computer-Authentifizierungen<\/li>\r\n<li>Optimierung der Benutzerf\u00fchrung<\/li>\r\n<li>Sitzungs\u00fcberwachung und anonyme statistische Analyse<\/li>\r\n<\/ul>\r\n<p><strong>Methoden der Datenverarbeitung<\/strong><\/p>\r\n<p>Die Verarbeitung der Daten erfolgt mit elektronischen Instrumenten, mit einer Logik, die strikt mit den oben genannten Zwecken zusammenh\u00e4ngt, und in jedem Fall so, dass die Sicherheit und Vertraulichkeit der Daten gew\u00e4hrleistet ist.<\/p>\r\n<p><strong>Personen, denen die Daten mitgeteilt werden k\u00f6nnen<\/strong><\/p>\r\n<p>Die Daten k\u00f6nnen an alle Subjekte weitergegeben werden, die f\u00fcr das Unternehmen notwendige T\u00e4tigkeiten ausf\u00fchren, um die oben genannten Cookies zu Ihren Gunsten zu liefern. Die zu den oben genannten Kategorien geh\u00f6renden Subjekte, denen die Daten mitgeteilt werden k\u00f6nnen, werden die Daten als &#8222;Inhaber&#8220; in voller Autonomie verwenden.<\/p>\r\n<p><strong>Rechte der interessierten Partei<\/strong><\/p>\r\n<p>Sie haben das Recht, von der Gesellschaft eine Best\u00e4tigung dar\u00fcber zu erhalten, ob Sie betreffende personenbezogene Daten vorhanden sind oder nicht, \u00fcber die Herkunft der personenbezogenen Daten, den Zweck und die Modalit\u00e4ten der Verarbeitung, die angewandte Logik, falls die Verarbeitung mit Hilfe elektronischer Mittel erfolgt, sowie \u00fcber die Personen oder Kategorien von Personen, denen die personenbezogenen Daten mitgeteilt werden k\u00f6nnen und die in ihrer Eigenschaft als Verantwortliche oder Beauftragte davon Kenntnis erhalten k\u00f6nnen; Au\u00dferdem haben Sie das Recht auf L\u00f6schung, Umwandlung in anonyme Form oder Sperrung der gesetzeswidrig verarbeiteten Daten, auf \u00dcbertragbarkeit Ihrer Daten sowie auf Aktualisierung, Berichtigung, Einschr\u00e4nkung oder, falls erforderlich, auf Erg\u00e4nzung oder darauf, eine Kopie der verarbeiteten Daten zu erhalten. Sie haben auch das Recht, eine Beschwerde beim Datenschutzbeauftragten einzureichen.<\/p>\r\n<div class=\"clear_div\" style=\"clear: both; height: 0px;\">\u00a0<\/div>\r\n","protected":false},"excerpt":{"rendered":"<p>Cookie Policy Informationen gem\u00e4\u00df Artikel 13 des Gesetzesdekrets Nr. 196\/2003 und gem\u00e4\u00df Artikel 13 und 14 der europ\u00e4ischen Verordnung 679\/2016 (im Folgenden auch &#8222;GDPR&#8220;). Was sind Cookies? Ein Cookie ist&#8230;<\/p>\n","protected":false},"author":1,"featured_media":0,"parent":0,"menu_order":0,"comment_status":"closed","ping_status":"closed","template":"","meta":{"om_disable_all_campaigns":false,"_monsterinsights_skip_tracking":false,"_monsterinsights_sitenote_active":false,"_monsterinsights_sitenote_note":"","_monsterinsights_sitenote_category":0,"footnotes":""},"aioseo_notices":[],"_links":{"self":[{"href":"https:\/\/www.sta-stampi.com\/de\/wp-json\/wp\/v2\/pages\/761"}],"collection":[{"href":"https:\/\/www.sta-stampi.com\/de\/wp-json\/wp\/v2\/pages"}],"about":[{"href":"https:\/\/www.sta-stampi.com\/de\/wp-json\/wp\/v2\/types\/page"}],"author":[{"embeddable":true,"href":"https:\/\/www.sta-stampi.com\/de\/wp-json\/wp\/v2\/users\/1"}],"replies":[{"embeddable":true,"href":"https:\/\/www.sta-stampi.com\/de\/wp-json\/wp\/v2\/comments?post=761"}],"version-history":[{"count":3,"href":"https:\/\/www.sta-stampi.com\/de\/wp-json\/wp\/v2\/pages\/761\/revisions"}],"predecessor-version":[{"id":842,"href":"https:\/\/www.sta-stampi.com\/de\/wp-json\/wp\/v2\/pages\/761\/revisions\/842"}],"wp:attachment":[{"href":"https:\/\/www.sta-stampi.com\/de\/wp-json\/wp\/v2\/media?parent=761"}],"curies":[{"name":"wp","href":"https:\/\/api.w.org\/{rel}","templated":true}]}}